{"id":7,"date":"2020-01-27T08:17:21","date_gmt":"2020-01-27T08:17:21","guid":{"rendered":"http:\/\/www.lingolution.pl\/?page_id=7"},"modified":"2024-08-26T20:45:59","modified_gmt":"2024-08-26T20:45:59","slug":"angielski-dla-doroslych","status":"publish","type":"page","link":"https:\/\/www.lingolution.pl\/","title":{"rendered":"O mnie"},"content":{"rendered":"\r\n\r\n\r\n<h2 class=\"has-text-align-justify wp-block-heading\">Lingolution &#8211; angielski dla doros\u0142ych<\/h2>\r\n<h4 class=\"has-text-align-justify\"><img fetchpriority=\"high\" decoding=\"async\" class=\"alignleft wp-image-788 size-medium\" src=\"https:\/\/www.lingolution.pl\/wp-content\/uploads\/2023\/08\/361170752_6785334921517221_1737762055441988169_n-300x300.jpg\" alt=\"Agnieszka Kotarba lektor\" width=\"300\" height=\"300\" srcset=\"https:\/\/www.lingolution.pl\/wp-content\/uploads\/2023\/08\/361170752_6785334921517221_1737762055441988169_n-300x300.jpg 300w, https:\/\/www.lingolution.pl\/wp-content\/uploads\/2023\/08\/361170752_6785334921517221_1737762055441988169_n-150x150.jpg 150w, https:\/\/www.lingolution.pl\/wp-content\/uploads\/2023\/08\/361170752_6785334921517221_1737762055441988169_n-768x770.jpg 768w, https:\/\/www.lingolution.pl\/wp-content\/uploads\/2023\/08\/361170752_6785334921517221_1737762055441988169_n-250x250.jpg 250w, https:\/\/www.lingolution.pl\/wp-content\/uploads\/2023\/08\/361170752_6785334921517221_1737762055441988169_n.jpg 957w\" sizes=\"(max-width: 300px) 100vw, 300px\" \/>Nazywam si\u0119 Agnieszka Kotarba. Jestem lektork\u0105 j\u0119zyka angielskiego z kilkunastoletnim do\u015bwiadczeniem, metodykiem nauczania j\u0119zyk\u00f3w obcych, wyk\u0142adowc\u0105 akademickim i tw\u00f3rc\u0105 marki Lingolution &#8211; angielski dla doros\u0142ych.<\/h4>\r\n\r\n\r\n\r\n<h3>Sk\u0105d pomys\u0142 na Lingolution &#8211; angielski dla doros\u0142ych?<\/h3>\r\n<p>Lingolution to po\u0142\u0105czenie merytorycznego podej\u015bcia do uczenia j\u0119zyka (lingo) z rozwojem (evolution), kt\u00f3ry czasami przybiera form\u0119 rewolucji (revolution), i poszukiwaniem nowoczesnych rozwi\u0105za\u0144 edukacyjnych (solution).<\/p>\r\n<p>Lingolution to tak\u017ce wynik mojej w\u0142asnej ewolucji osobistej i zawodowej &#8211; kilkunastu lat do\u015bwiadcze\u0144 jako lektor angielskiego, wyk\u0142adowca akademicki i metodyk. Lingolution to spe\u0142nienie marze\u0144 o miejscu, gdzie osoby spragnione zindywidualizowanego podej\u015bcia do rozwoju j\u0119zykowego znajd\u0105 to, czego szukaj\u0105.<\/p>\r\n<h3>Kim jestem?<\/h3>\r\n\r\n\r\n\r\n\r\n\r\n<p>Ca\u0142e moje \u017cycie zwi\u0105zane jest z angielskim, kt\u00f3rego zacz\u0119\u0142am si\u0119 uczy\u0107 w wieku sze\u015bciu lat. W 2006 uko\u0144czy\u0142am filologi\u0119 angielsk\u0105 na Uniwersytecie Jagiello\u0144skim w Krakowie ze specjalizacj\u0105 nauczanie j\u0119zyka angielskiego jako obcego. Uczestniczy\u0142am te\u017c w studiach podyplomowych z psychologii biznesu na Uniwersytecie Ekonomicznym. Jestem trenerem <a href=\"https:\/\/www.cambridgeenglish.org\/teaching-english\/teaching-qualifications\/institutions\/celt-s\/\">CELT-S<\/a>. Ucz\u0119 i szkol\u0119 nauczycieli nie tylko w Polsce, ale te\u017c w innych miejscach na \u015bwiecie, takich jak Hiszpania czy Liban. Wi\u0119cej informacji na m\u00f3j temat znajdziesz na <a href=\"https:\/\/www.linkedin.com\/in\/agnieszka-kotarba-80163819\/\">LinkedIn<\/a>.<\/p>\r\n<h3>W czym si\u0119 specjalizuj\u0119?<\/h3>\r\n\r\n\r\n\r\n\r\n\r\n<p>Specjalizuj\u0119 si\u0119 pracy z <a href=\"http:\/\/www.lingolution.pl\/index.php\/oferta\/\">osobami doros\u0142ym<\/a>i, r\u00f3wnie\u017c w wieku dojrza\u0142ym, uczeniu os\u00f3b, kt\u00f3re czuj\u0105, \u017ce ich rozw\u00f3j j\u0119zykowy stan\u0105\u0142 w martwym punkcie, prze\u0142amywaniu l\u0119ku przed porozumiewaniem si\u0119 w j\u0119zyku obcym i pracy nad negatywnymi przekonaniami dotycz\u0105cymi zdolno\u015bci j\u0119zykowych. To, co mnie wyr\u00f3\u017cnia, to <a href=\"http:\/\/www.lingolution.pl\/index.php\/2020\/05\/17\/jak-madrze-uczyc-sie-czasownikow-nieregularnych-gotowe-materialy\/\">umiej\u0119tno\u015b\u0107 klarownego i zrozumia\u0142ego przedstawiania zagadnie\u0144 gramatycznych, r\u00f3wnie\u017c tych pozornie bardzo z\u0142o\u017conych<\/a>. Moj\u0105 mocn\u0105 stron\u0105 jest r\u00f3wnie\u017c dob\u00f3r i tworzenie materia\u0142\u00f3w, kt\u00f3re s\u0105 nie tylko anga\u017cuj\u0105ce, ale przede wszystkim pozwalaj\u0105 w spos\u00f3b efektywny osi\u0105ga\u0107 cele j\u0119zykowe wa\u017cne dla moich klient\u00f3w.\u00a0<\/p>\r\n<p>Do moich szczeg\u00f3lnych zainteresowa\u0144 nale\u017cy psychologia, dlatego\u00a0<a href=\"http:\/\/www.lingolution.pl\/index.php\/angielski-dla-psychoterapeutow\/\">oferuj\u0119 wyj\u0105tkowe na rynku zaj\u0119cia z angielskiego dla psycholog\u00f3w i psychoterapeut\u00f3w<\/a>. Przez ostatnie lata prowadzi\u0142am zaj\u0119cia dla psychoterapeut\u00f3w w nurtach humanistycznym, CBT i psychodynamicznym, jak r\u00f3wnie\u017c zaj\u0119cia po\u015bwi\u0119cone zagadnieniom z zakresu seksuologii.<\/p>\r\n<h3>Jak ucz\u0119?<\/h3>\r\n<p>Wierz\u0119, \u017ce sztuk\u0105 jest uczy\u0107 &#8211; i uczy\u0107 si\u0119 &#8211; m\u0105drze. Celem zaj\u0119\u0107 nie jest po prostu realizacja materia\u0142u, ale osi\u0105ganie rzeczywistych post\u0119p\u00f3w, w tempie dostosowanym do s\u0142uchacza, dlatego ka\u017cde spotkanie jest tak intensywne, jak to mo\u017cliwe i ukierunkowane na osi\u0105gni\u0119cie celu. Ze wzgl\u0119du na spersonalizowane podej\u015bcie do potrzeb ka\u017cde s\u0142uchacza skupiam si\u0119 przede wszystkim na <a href=\"https:\/\/www.lingolution.pl\/index.php\/zajecia-indywidualne-z-angielskiego\/\">prowadzeniu zaj\u0119\u0107 indywidualnych<\/a>.<\/p>\r\n<p>Korzystam z nowoczesnych technologii, kt\u00f3re wspomagaj\u0105 nauk\u0119 i wp\u0142ywaj\u0105 pozytywnie na motywacj\u0119.\u00a0 Swoim klientom r\u00f3wnie\u017c rekomenduj\u0119 korzystanie<a href=\"http:\/\/www.lingolution.pl\/index.php\/2020\/03\/20\/5-aplikacji-do-nauki-angielskiego-na-czas-kwarantanny\/\"> z najlepszych bezp\u0142atnych aplikacji<\/a> i <a href=\"http:\/\/www.lingolution.pl\/index.php\/2020\/03\/16\/5-darmowych-stron-do-nauki-wlasnej-na-czas-kwarantanny\/\">stron<\/a> do nauki angielskiego.<\/p>\r\n<p>Nauka nie ko\u0144czy si\u0119 wraz z ostatni\u0105 minut\u0105 zaj\u0119\u0107. Dbam o to, \u017ceby s\u0142uchacz otrzyma\u0142 optymaln\u0105 ilo\u015b\u0107 materia\u0142u do pracy w\u0142asnej mi\u0119dzy lekcjami. Ka\u017cdy klient otrzymuje po zaj\u0119ciach stworzon\u0105 specjalnie dla niego lekcj\u0119 s\u0142ownikow\u0105 w Quizlecie oraz zestaw indywidualnie dobranych \u0107wicze\u0144 interaktywnych.<\/p>\r\n\r\n\r\n\r\n<p>Zaj\u0119cia odbywaj\u0105 si\u0119 w komfortowych warunkach w centrum Krakowa, przy ulicy <a href=\"http:\/\/www.egomocja.pl\">Galla 22\/4<\/a>, lub online, za pomoc\u0105 aplikacji Zoom.<\/p>\r\n<p>&nbsp;<\/p>\r\n","protected":false},"excerpt":{"rendered":"<p>Lingolution &#8211; angielski dla doros\u0142ych Nazywam si\u0119 Agnieszka Kotarba. Jestem lektork\u0105 j\u0119zyka angielskiego z kilkunastoletnim do\u015bwiadczeniem, metodykiem nauczania j\u0119zyk\u00f3w obcych, wyk\u0142adowc\u0105 akademickim i tw\u00f3rc\u0105 marki Lingolution &#8211; angielski dla doros\u0142ych. Sk\u0105d pomys\u0142 na Lingolution &#8211; angielski dla doros\u0142ych? Lingolution to po\u0142\u0105czenie merytorycznego podej\u015bcia do uczenia j\u0119zyka (lingo) z rozwojem (evolution), kt\u00f3ry czasami przybiera form\u0119 rewolucji (revolution), i poszukiwaniem nowoczesnych rozwi\u0105za\u0144 edukacyjnych (solution). Lingolution to tak\u017ce wynik mojej w\u0142asnej ewolucji osobistej i zawodowej &#8211; kilkunastu lat do\u015bwiadcze\u0144 jako lektor angielskiego, wyk\u0142adowca akademicki i metodyk. Lingolution to spe\u0142nienie marze\u0144 o miejscu, gdzie osoby spragnione zindywidualizowanego podej\u015bcia do rozwoju j\u0119zykowego znajd\u0105 to, czego&#8230; <\/p>\n","protected":false},"author":1,"featured_media":0,"parent":0,"menu_order":0,"comment_status":"closed","ping_status":"closed","template":"","meta":{"footnotes":""},"class_list":["post-7","page","type-page","status-publish","hentry"],"_links":{"self":[{"href":"https:\/\/www.lingolution.pl\/index.php\/wp-json\/wp\/v2\/pages\/7","targetHints":{"allow":["GET"]}}],"collection":[{"href":"https:\/\/www.lingolution.pl\/index.php\/wp-json\/wp\/v2\/pages"}],"about":[{"href":"https:\/\/www.lingolution.pl\/index.php\/wp-json\/wp\/v2\/types\/page"}],"author":[{"embeddable":true,"href":"https:\/\/www.lingolution.pl\/index.php\/wp-json\/wp\/v2\/users\/1"}],"replies":[{"embeddable":true,"href":"https:\/\/www.lingolution.pl\/index.php\/wp-json\/wp\/v2\/comments?post=7"}],"version-history":[{"count":39,"href":"https:\/\/www.lingolution.pl\/index.php\/wp-json\/wp\/v2\/pages\/7\/revisions"}],"predecessor-version":[{"id":806,"href":"https:\/\/www.lingolution.pl\/index.php\/wp-json\/wp\/v2\/pages\/7\/revisions\/806"}],"wp:attachment":[{"href":"https:\/\/www.lingolution.pl\/index.php\/wp-json\/wp\/v2\/media?parent=7"}],"curies":[{"name":"wp","href":"https:\/\/api.w.org\/{rel}","templated":true}]}}